{"id":3047,"date":"2023-02-24T07:46:31","date_gmt":"2023-02-24T07:46:31","guid":{"rendered":"http:\/\/new.divani.ro\/magazin\/uncategorized\/texas\/"},"modified":"2024-08-20T13:08:34","modified_gmt":"2024-08-20T10:08:34","slug":"texas","status":"publish","type":"product","link":"https:\/\/divani.md\/ru\/product\/texas\/","title":{"rendered":"\u0423\u0433\u043b\u043e\u0432\u043e\u0439 \u0434\u0438\u0432\u0430\u043d Texas"},"content":{"rendered":"<p>Acest col\u021bar \u2013 este o combina\u021bie a stilului \u0219i func\u021bionalit\u0103\u021bii. Texas prezint\u0103 o insul\u0103 confortabil\u0103 de odihn\u0103 ziua.<\/p>\n","protected":false},"excerpt":{"rendered":"<p>Col\u021barul universal \u201eTexas\u201d se potrive\u0219te organic absolut \u00een orice interior. Nu numai genera\u021bia modern\u0103 va aprecia forma atractiv\u0103 a modelului, rezisten\u021ba carcasului, practicitatea husei deta\u0219abile \u0219i func\u021bionalitatea spa\u021biului de depozitare.<\/p>\n","protected":false},"featured_media":2978,"template":"","meta":{"_acf_changed":false,"inline_featured_image":false},"product_brand":[],"product_cat":[38],"product_tag":[],"class_list":{"0":"post-3047","1":"product","2":"type-product","3":"status-publish","4":"has-post-thumbnail","6":"product_cat-uglovye-divany","8":"first","9":"instock","10":"shipping-taxable","11":"purchasable","12":"product-type-simple"},"acf":[],"yoast_head":"<!-- This site is optimized with the Yoast SEO Premium plugin v23.2 (Yoast SEO v27.5) - https:\/\/yoast.com\/product\/yoast-seo-premium-wordpress\/ -->\n<title>u0423u0433u043bu043eu0432u043eu0439 Texas | Di&#039;vani<\/title>\n<meta name=\"description\" content=\"Texas u2014 u043fu0440u043eu0441u0442u043eu0440u043du044bu0439, u043au043eu043cu0444u043eu0440u0442u043du044bu0439.\" \/>\n<meta name=\"robots\" content=\"index, follow, max-snippet:-1, max-image-preview:large, max-video-preview:-1\" \/>\n<link rel=\"canonical\" href=\"https:\/\/divani.md\/ru\/product\/texas\/\" \/>\n<meta property=\"og:locale\" content=\"ru_RU\" \/>\n<meta property=\"og:type\" content=\"article\" \/>\n<meta property=\"og:title\" content=\"\u0423\u0433\u043b\u043e\u0432\u043e\u0439 \u0434\u0438\u0432\u0430\u043d Texas\" \/>\n<meta property=\"og:description\" content=\"Texas u2014 u043fu0440u043eu0441u0442u043eu0440u043du044bu0439, u043au043eu043cu0444u043eu0440u0442u043du044bu0439.\" \/>\n<meta property=\"og:url\" content=\"https:\/\/divani.md\/ru\/product\/texas\/\" \/>\n<meta property=\"og:site_name\" content=\"DI&#039;VANI\" \/>\n<meta property=\"article:modified_time\" content=\"2024-08-20T10:08:34+00:00\" \/>\n<meta property=\"og:image\" content=\"https:\/\/divani.md\/wp-content\/uploads\/2023\/02\/prod1-1.png\" \/>\n\t<meta property=\"og:image:width\" content=\"1500\" \/>\n\t<meta property=\"og:image:height\" content=\"1000\" \/>\n\t<meta property=\"og:image:type\" content=\"image\/png\" \/>\n<meta name=\"twitter:card\" content=\"summary_large_image\" \/>\n<meta name=\"twitter:label1\" content=\"\u0426\u0435\u043d\u0430\" \/>\n\t<meta name=\"twitter:data1\" content=\"30 800&nbsp;MDL\" \/>\n\t<meta name=\"twitter:label2\" content=\"\u0414\u043e\u0441\u0442\u0443\u043f\u043d\u043e\u0441\u0442\u044c\" \/>\n\t<meta name=\"twitter:data2\" content=\"\u0412 \u043d\u0430\u043b\u0438\u0447\u0438\u0438\" \/>\n<script type=\"application\/ld+json\" class=\"yoast-schema-graph\">{\"@context\":\"https:\\\/\\\/schema.org\",\"@graph\":[{\"@type\":\"WebPage\",\"@id\":\"https:\\\/\\\/divani.md\\\/ru\\\/product\\\/texas\\\/\",\"url\":\"https:\\\/\\\/divani.md\\\/ru\\\/product\\\/texas\\\/\",\"name\":\"u0423u0433u043bu043eu0432u043eu0439 Texas | Di'vani\",\"isPartOf\":{\"@id\":\"https:\\\/\\\/divani.md\\\/ru\\\/#website\"},\"primaryImageOfPage\":{\"@id\":\"https:\\\/\\\/divani.md\\\/ru\\\/product\\\/texas\\\/#primaryimage\"},\"image\":{\"@id\":\"https:\\\/\\\/divani.md\\\/ru\\\/product\\\/texas\\\/#primaryimage\"},\"thumbnailUrl\":\"https:\\\/\\\/divani.md\\\/wp-content\\\/uploads\\\/2023\\\/02\\\/prod1-1.png\",\"datePublished\":\"2023-02-24T07:46:31+00:00\",\"dateModified\":\"2024-08-20T10:08:34+00:00\",\"description\":\"Texas u2014 u043fu0440u043eu0441u0442u043eu0440u043du044bu0439, u043au043eu043cu0444u043eu0440u0442u043du044bu0439.\",\"breadcrumb\":{\"@id\":\"https:\\\/\\\/divani.md\\\/ru\\\/product\\\/texas\\\/#breadcrumb\"},\"inLanguage\":\"ru-RU\",\"potentialAction\":[{\"@type\":\"ReadAction\",\"target\":[\"https:\\\/\\\/divani.md\\\/ru\\\/product\\\/texas\\\/\"]}]},{\"@type\":\"ImageObject\",\"inLanguage\":\"ru-RU\",\"@id\":\"https:\\\/\\\/divani.md\\\/ru\\\/product\\\/texas\\\/#primaryimage\",\"url\":\"https:\\\/\\\/divani.md\\\/wp-content\\\/uploads\\\/2023\\\/02\\\/prod1-1.png\",\"contentUrl\":\"https:\\\/\\\/divani.md\\\/wp-content\\\/uploads\\\/2023\\\/02\\\/prod1-1.png\",\"width\":1500,\"height\":1000},{\"@type\":\"BreadcrumbList\",\"@id\":\"https:\\\/\\\/divani.md\\\/ru\\\/product\\\/texas\\\/#breadcrumb\",\"itemListElement\":[{\"@type\":\"ListItem\",\"position\":1,\"name\":\"\u0413\u043b\u0430\u0432\u043d\u0430\u044f\",\"item\":\"https:\\\/\\\/divani.md\\\/ru\\\/\"},{\"@type\":\"ListItem\",\"position\":2,\"name\":\"\u041a\u0430\u0442\u0430\u043b\u043e\u0433 \u043c\u0435\u0431\u0435\u043b\u0438\",\"item\":\"https:\\\/\\\/divani.md\\\/ru\\\/magazin\\\/\"},{\"@type\":\"ListItem\",\"position\":3,\"name\":\"\u0423\u0433\u043b\u043e\u0432\u044b\u0435 \u0434\u0438\u0432\u0430\u043d\u044b\",\"item\":\"https:\\\/\\\/divani.md\\\/ru\\\/product-category\\\/uglovye-divany\\\/\"},{\"@type\":\"ListItem\",\"position\":4,\"name\":\"\u0423\u0433\u043b\u043e\u0432\u043e\u0439 \u0434\u0438\u0432\u0430\u043d Texas\"}]},{\"@type\":\"WebSite\",\"@id\":\"https:\\\/\\\/divani.md\\\/ru\\\/#website\",\"url\":\"https:\\\/\\\/divani.md\\\/ru\\\/\",\"name\":\"DI'VANI\",\"description\":\"\",\"publisher\":{\"@id\":\"https:\\\/\\\/divani.md\\\/ru\\\/#organization\"},\"potentialAction\":[{\"@type\":\"SearchAction\",\"target\":{\"@type\":\"EntryPoint\",\"urlTemplate\":\"https:\\\/\\\/divani.md\\\/ru\\\/?s={search_term_string}\"},\"query-input\":{\"@type\":\"PropertyValueSpecification\",\"valueRequired\":true,\"valueName\":\"search_term_string\"}}],\"inLanguage\":\"ru-RU\"},{\"@type\":\"Organization\",\"@id\":\"https:\\\/\\\/divani.md\\\/ru\\\/#organization\",\"name\":\"DI'VANI\",\"url\":\"https:\\\/\\\/divani.md\\\/ru\\\/\",\"logo\":{\"@type\":\"ImageObject\",\"inLanguage\":\"ru-RU\",\"@id\":\"https:\\\/\\\/divani.md\\\/ru\\\/#\\\/schema\\\/logo\\\/image\\\/\",\"url\":\"https:\\\/\\\/divani.md\\\/wp-content\\\/uploads\\\/2024\\\/04\\\/divanilogo.svg\",\"contentUrl\":\"https:\\\/\\\/divani.md\\\/wp-content\\\/uploads\\\/2024\\\/04\\\/divanilogo.svg\",\"width\":1715,\"height\":634,\"caption\":\"DI'VANI\"},\"image\":{\"@id\":\"https:\\\/\\\/divani.md\\\/ru\\\/#\\\/schema\\\/logo\\\/image\\\/\"}}]}<\/script>\n<meta property=\"product:price:amount\" content=\"30800\" \/>\n<meta property=\"product:price:currency\" content=\"MDL\" \/>\n<meta property=\"og:availability\" content=\"instock\" \/>\n<meta property=\"product:availability\" content=\"instock\" \/>\n<meta property=\"product:condition\" content=\"new\" \/>\n<!-- \/ Yoast SEO Premium plugin. -->","yoast_head_json":{"title":"u0423u0433u043bu043eu0432u043eu0439 Texas | Di'vani","description":"Texas u2014 u043fu0440u043eu0441u0442u043eu0440u043du044bu0439, u043au043eu043cu0444u043eu0440u0442u043du044bu0439.","robots":{"index":"index","follow":"follow","max-snippet":"max-snippet:-1","max-image-preview":"max-image-preview:large","max-video-preview":"max-video-preview:-1"},"canonical":"https:\/\/divani.md\/ru\/product\/texas\/","og_locale":"ru_RU","og_type":"article","og_title":"\u0423\u0433\u043b\u043e\u0432\u043e\u0439 \u0434\u0438\u0432\u0430\u043d Texas","og_description":"Texas u2014 u043fu0440u043eu0441u0442u043eu0440u043du044bu0439, u043au043eu043cu0444u043eu0440u0442u043du044bu0439.","og_url":"https:\/\/divani.md\/ru\/product\/texas\/","og_site_name":"DI&#039;VANI","article_modified_time":"2024-08-20T10:08:34+00:00","og_image":[{"width":1500,"height":1000,"url":"https:\/\/divani.md\/wp-content\/uploads\/2023\/02\/prod1-1.png","type":"image\/png"}],"twitter_card":"summary_large_image","twitter_misc":{"\u0426\u0435\u043d\u0430":"30 800&nbsp;MDL","\u0414\u043e\u0441\u0442\u0443\u043f\u043d\u043e\u0441\u0442\u044c":"\u0412 \u043d\u0430\u043b\u0438\u0447\u0438\u0438"},"schema":{"@context":"https:\/\/schema.org","@graph":[{"@type":"WebPage","@id":"https:\/\/divani.md\/ru\/product\/texas\/","url":"https:\/\/divani.md\/ru\/product\/texas\/","name":"u0423u0433u043bu043eu0432u043eu0439 Texas | Di'vani","isPartOf":{"@id":"https:\/\/divani.md\/ru\/#website"},"primaryImageOfPage":{"@id":"https:\/\/divani.md\/ru\/product\/texas\/#primaryimage"},"image":{"@id":"https:\/\/divani.md\/ru\/product\/texas\/#primaryimage"},"thumbnailUrl":"https:\/\/divani.md\/wp-content\/uploads\/2023\/02\/prod1-1.png","datePublished":"2023-02-24T07:46:31+00:00","dateModified":"2024-08-20T10:08:34+00:00","description":"Texas u2014 u043fu0440u043eu0441u0442u043eu0440u043du044bu0439, u043au043eu043cu0444u043eu0440u0442u043du044bu0439.","breadcrumb":{"@id":"https:\/\/divani.md\/ru\/product\/texas\/#breadcrumb"},"inLanguage":"ru-RU","potentialAction":[{"@type":"ReadAction","target":["https:\/\/divani.md\/ru\/product\/texas\/"]}]},{"@type":"ImageObject","inLanguage":"ru-RU","@id":"https:\/\/divani.md\/ru\/product\/texas\/#primaryimage","url":"https:\/\/divani.md\/wp-content\/uploads\/2023\/02\/prod1-1.png","contentUrl":"https:\/\/divani.md\/wp-content\/uploads\/2023\/02\/prod1-1.png","width":1500,"height":1000},{"@type":"BreadcrumbList","@id":"https:\/\/divani.md\/ru\/product\/texas\/#breadcrumb","itemListElement":[{"@type":"ListItem","position":1,"name":"\u0413\u043b\u0430\u0432\u043d\u0430\u044f","item":"https:\/\/divani.md\/ru\/"},{"@type":"ListItem","position":2,"name":"\u041a\u0430\u0442\u0430\u043b\u043e\u0433 \u043c\u0435\u0431\u0435\u043b\u0438","item":"https:\/\/divani.md\/ru\/magazin\/"},{"@type":"ListItem","position":3,"name":"\u0423\u0433\u043b\u043e\u0432\u044b\u0435 \u0434\u0438\u0432\u0430\u043d\u044b","item":"https:\/\/divani.md\/ru\/product-category\/uglovye-divany\/"},{"@type":"ListItem","position":4,"name":"\u0423\u0433\u043b\u043e\u0432\u043e\u0439 \u0434\u0438\u0432\u0430\u043d Texas"}]},{"@type":"WebSite","@id":"https:\/\/divani.md\/ru\/#website","url":"https:\/\/divani.md\/ru\/","name":"DI'VANI","description":"","publisher":{"@id":"https:\/\/divani.md\/ru\/#organization"},"potentialAction":[{"@type":"SearchAction","target":{"@type":"EntryPoint","urlTemplate":"https:\/\/divani.md\/ru\/?s={search_term_string}"},"query-input":{"@type":"PropertyValueSpecification","valueRequired":true,"valueName":"search_term_string"}}],"inLanguage":"ru-RU"},{"@type":"Organization","@id":"https:\/\/divani.md\/ru\/#organization","name":"DI'VANI","url":"https:\/\/divani.md\/ru\/","logo":{"@type":"ImageObject","inLanguage":"ru-RU","@id":"https:\/\/divani.md\/ru\/#\/schema\/logo\/image\/","url":"https:\/\/divani.md\/wp-content\/uploads\/2024\/04\/divanilogo.svg","contentUrl":"https:\/\/divani.md\/wp-content\/uploads\/2024\/04\/divanilogo.svg","width":1715,"height":634,"caption":"DI'VANI"},"image":{"@id":"https:\/\/divani.md\/ru\/#\/schema\/logo\/image\/"}}]},"product_price_amount":"30800","product_price_currency":"MDL","og_availability":"instock","product_availability":"instock","product_condition":"new"},"_links":{"self":[{"href":"https:\/\/divani.md\/ru\/wp-json\/wp\/v2\/product\/3047","targetHints":{"allow":["GET"]}}],"collection":[{"href":"https:\/\/divani.md\/ru\/wp-json\/wp\/v2\/product"}],"about":[{"href":"https:\/\/divani.md\/ru\/wp-json\/wp\/v2\/types\/product"}],"wp:featuredmedia":[{"embeddable":true,"href":"https:\/\/divani.md\/ru\/wp-json\/wp\/v2\/media\/2978"}],"wp:attachment":[{"href":"https:\/\/divani.md\/ru\/wp-json\/wp\/v2\/media?parent=3047"}],"wp:term":[{"taxonomy":"product_brand","embeddable":true,"href":"https:\/\/divani.md\/ru\/wp-json\/wp\/v2\/product_brand?post=3047"},{"taxonomy":"product_cat","embeddable":true,"href":"https:\/\/divani.md\/ru\/wp-json\/wp\/v2\/product_cat?post=3047"},{"taxonomy":"product_tag","embeddable":true,"href":"https:\/\/divani.md\/ru\/wp-json\/wp\/v2\/product_tag?post=3047"}],"curies":[{"name":"wp","href":"https:\/\/api.w.org\/{rel}","templated":true}]}}